{"id":2897,"date":"2025-03-09T18:06:54","date_gmt":"2025-03-09T15:06:54","guid":{"rendered":"https:\/\/alminainnhotel.com\/fr\/?page_id=2897"},"modified":"2025-04-16T15:00:26","modified_gmt":"2025-04-16T12:00:26","slug":"politique-en-matiere-de-cookies","status":"publish","type":"page","link":"https:\/\/alminainnhotel.com\/fr\/politique-en-matiere-de-cookies\/","title":{"rendered":"Politique en mati\u00e8re de cookies"},"content":{"rendered":"\t\t<div data-elementor-type=\"wp-page\" data-elementor-id=\"2897\" class=\"elementor elementor-2897\">\n\t\t\t\t        <section class=\"elementor-section elementor-top-section elementor-element elementor-element-f65563a elementor-section-full_width elementor-section-height-default elementor-section-height-default\" data-id=\"f65563a\" data-element_type=\"section\">\n\n                \n                <div class=\"elementor-container elementor-column-gap-default \">\n                <div class=\"elementor-column elementor-col-100 elementor-top-column elementor-element elementor-element-d98a98b\" data-id=\"d98a98b\" data-element_type=\"column\">\r\n        <div class=\"elementor-widget-wrap elementor-element-populated\">\r\n                     \r\n        \t\t<div class=\"elementor-element elementor-element-c060d28 elementor-widget elementor-widget-gva_post_breadcrumb\" data-id=\"c060d28\" data-element_type=\"widget\" data-widget_type=\"gva_post_breadcrumb.default\">\n\t\t\t\t<div class=\"elementor-widget-container\">\n\t\t\t\t\t<div class=\"gva-element-gva_post_breadcrumb gva-element\">   \r\n<div class=\"post-breadcrumb\">\r\n   <div class=\"custom-breadcrumb \" >\r\n            <div class=\"breadcrumb-main\">\r\n        <div class=\"container\">\r\n          <div class=\"breadcrumb-container-inner align-center\">\r\n            <h2 class=\"heading-title\">Politique en mati\u00e8re de cookies<\/h2><ol class=\"breadcrumb\"><li><a href=\"https:\/\/alminainnhotel.com\/fr\">Home<\/a> <\/li> <li class=\"active\">Sayfa<\/li><\/ol>          <\/div>  \r\n        <\/div>   \r\n      <\/div>  \r\n   <\/div>\r\n<\/div>      \r\n\r\n<\/div>\t\t\t\t<\/div>\n\t\t\t\t<\/div>\n\t\t            <\/div>\r\n        <\/div>\r\n        \t\t\t<\/div>\n\t\t<\/section>\n\t\t        <section class=\"elementor-section elementor-top-section elementor-element elementor-element-b3c20a3 elementor-section-boxed elementor-section-height-default elementor-section-height-default\" data-id=\"b3c20a3\" data-element_type=\"section\">\n\n                \n                <div class=\"elementor-container elementor-column-gap-default \">\n                <div class=\"elementor-column elementor-col-100 elementor-top-column elementor-element elementor-element-ea43447\" data-id=\"ea43447\" data-element_type=\"column\">\r\n        <div class=\"elementor-widget-wrap\">\r\n                     \r\n                    <\/div>\r\n        <\/div>\r\n        \t\t\t<\/div>\n\t\t<\/section>\n\t\t        <section class=\"elementor-section elementor-top-section elementor-element elementor-element-1c8a643 elementor-section-boxed elementor-section-height-default elementor-section-height-default\" data-id=\"1c8a643\" data-element_type=\"section\">\n\n                \n                <div class=\"elementor-container elementor-column-gap-default \">\n                <div class=\"elementor-column elementor-col-100 elementor-top-column elementor-element elementor-element-8fa818f\" data-id=\"8fa818f\" data-element_type=\"column\">\r\n        <div class=\"elementor-widget-wrap elementor-element-populated\">\r\n                     \r\n        \t\t<div class=\"elementor-element elementor-element-7beebfe elementor-widget elementor-widget-text-editor\" data-id=\"7beebfe\" data-element_type=\"widget\" data-widget_type=\"text-editor.default\">\n\t\t\t\t<div class=\"elementor-widget-container\">\n\t\t\t\t\t\t\t\t\t<div class=\"thim-article-heading\"><div class=\"container\"><h1 class=\"heading__secondary\">Politique en mati\u00e8re de cookies<\/h1><\/div><\/div><div class=\"container site-content\"><div class=\"row\"><p>\u00a0<\/p><article id=\"post-5185\" class=\"post-5185 page type-page status-publish hentry\"><div class=\"entry-content\"><div class=\"elementor elementor-5185\" data-elementor-type=\"wp-post\" data-elementor-id=\"5185\"><div class=\"elementor-element elementor-element-31b9c67 e-flex e-con-boxed e-con e-parent e-lazyloaded\" data-id=\"31b9c67\" data-element_type=\"container\"><div class=\"e-con-inner\"><div class=\"elementor-element elementor-element-e31699d elementor-widget elementor-widget-text-editor\" data-id=\"e31699d\" data-element_type=\"widget\" data-widget_type=\"text-editor.default\"><div class=\"elementor-widget-container\"><p><strong>Almina Inn Hotel Politikas\u0131<\/strong><\/p><p>La pr\u00e9sente politique en mati\u00e8re de cookies explique comment les cookies sont utilis\u00e9s pour prot\u00e9ger la vie priv\u00e9e des utilisateurs qui visitent le site web de l&#8217;h\u00f4tel Almina Inn. En utilisant notre site web, vous acceptez cette politique.<\/p><p>Qu&#8217;est-ce qu&#8217;un cookie ?<\/p><p>Les cookies sont de petits fichiers de donn\u00e9es plac\u00e9s sur votre appareil par l&#8217;interm\u00e9diaire de votre navigateur lorsque vous visitez un site web. Les cookies sont utilis\u00e9s pour assurer le bon fonctionnement du site web, am\u00e9liorer l&#8217;exp\u00e9rience de l&#8217;utilisateur et m\u00e9moriser certaines informations.<\/p><p><strong>Types de cookies que nous utilisons<\/strong><\/p><ul><li>Cookies obligatoires :\u00a0N\u00e9cessaires pour que notre site web remplisse ses fonctions de base. Sans ces cookies, notre site web ne fonctionnera pas correctement.<\/li><li>Cookies fonctionnels :\u00a0Utilis\u00e9s pour m\u00e9moriser les pr\u00e9f\u00e9rences et les param\u00e8tres de l&#8217;utilisateur afin que vous puissiez utiliser le site plus efficacement.<\/li><li>Cookies analytiques :\u00a0Utilis\u00e9s pour contr\u00f4ler et am\u00e9liorer les performances de notre site web. Ils analysent le comportement des utilisateurs de mani\u00e8re anonyme.<\/li><li>Cookies publicitaires :\u00a0Utilis\u00e9s pour vous proposer des publicit\u00e9s susceptibles de vous int\u00e9resser. Ces cookies nous permettent de vous proposer des publicit\u00e9s cibl\u00e9es en fonction de vos centres d&#8217;int\u00e9r\u00eat.<\/li><\/ul><p>Comment contr\u00f4ler les cookies ?<\/p><p>La plupart des navigateurs web acceptent automatiquement les cookies. Toutefois, vous pouvez emp\u00eacher le stockage des cookies ou les configurer pour qu&#8217;ils vous avertissent en modifiant les param\u00e8tres de votre navigateur. Cependant, la d\u00e9sactivation des cookies peut emp\u00eacher certaines fonctionnalit\u00e9s de notre site web de fonctionner correctement.<\/p><p>Modifications de notre politique en mati\u00e8re de cookies<\/p><p>Nous pouvons mettre \u00e0 jour cette politique en mati\u00e8re de cookies de temps \u00e0 autre. En cas de modification, nous vous en informerons en mettant \u00e0 jour cette page.<\/p><\/div><\/div><\/div><\/div><\/div><\/div><\/article><\/div><\/div>\t\t\t\t\t\t\t\t<\/div>\n\t\t\t\t<\/div>\n\t\t            <\/div>\r\n        <\/div>\r\n        \t\t\t<\/div>\n\t\t<\/section>\n\t\t\t\t<\/div>\n\t\t","protected":false},"excerpt":{"rendered":"<p>Politique en mati\u00e8re de cookies Home Sayfa Politique en mati\u00e8re de cookies \u00a0 Almina Inn Hotel Politikas\u0131 La pr\u00e9sente politique en mati\u00e8re de cookies explique comment les cookies sont utilis\u00e9s [&hellip;]<\/p>\n","protected":false},"author":1,"featured_media":0,"parent":0,"menu_order":0,"comment_status":"closed","ping_status":"closed","template":"","meta":{"footnotes":""},"class_list":["post-2897","page","type-page","status-publish","hentry"],"_links":{"self":[{"href":"https:\/\/alminainnhotel.com\/fr\/wp-json\/wp\/v2\/pages\/2897","targetHints":{"allow":["GET"]}}],"collection":[{"href":"https:\/\/alminainnhotel.com\/fr\/wp-json\/wp\/v2\/pages"}],"about":[{"href":"https:\/\/alminainnhotel.com\/fr\/wp-json\/wp\/v2\/types\/page"}],"author":[{"embeddable":true,"href":"https:\/\/alminainnhotel.com\/fr\/wp-json\/wp\/v2\/users\/1"}],"replies":[{"embeddable":true,"href":"https:\/\/alminainnhotel.com\/fr\/wp-json\/wp\/v2\/comments?post=2897"}],"version-history":[{"count":8,"href":"https:\/\/alminainnhotel.com\/fr\/wp-json\/wp\/v2\/pages\/2897\/revisions"}],"predecessor-version":[{"id":3555,"href":"https:\/\/alminainnhotel.com\/fr\/wp-json\/wp\/v2\/pages\/2897\/revisions\/3555"}],"wp:attachment":[{"href":"https:\/\/alminainnhotel.com\/fr\/wp-json\/wp\/v2\/media?parent=2897"}],"curies":[{"name":"wp","href":"https:\/\/api.w.org\/{rel}","templated":true}]}}